{"id":921,"date":"2018-05-28T14:20:07","date_gmt":"2018-05-28T12:20:07","guid":{"rendered":"https:\/\/websites.fraunhofer.de\/bryo-engineering\/?page_id=921"},"modified":"2025-10-27T10:39:12","modified_gmt":"2025-10-27T09:39:12","slug":"datenschutz","status":"publish","type":"page","link":"https:\/\/bryo-engineering.com\/index.php\/datenschutz\/","title":{"rendered":"Datenschutz"},"content":{"rendered":"<div id='av_section_1'  class='avia-section av-jhq6sc8z-f44cb6557e95c0a6085ea0f7f639a557 main_color avia-section-huge avia-no-border-styling  avia-builder-el-0  avia-builder-el-no-sibling  avia-bg-style-scroll container_wrap fullsize'  ><div class='container av-section-cont-open' ><main  role=\"main\" itemprop=\"mainContentOfPage\"  class='template-page content  av-content-full alpha units'><div class='post-entry post-entry-type-page post-entry-921'><div class='entry-content-wrapper clearfix'>\n\n<style type=\"text\/css\" data-created_by=\"avia_inline_auto\" id=\"style-css-av-7csch-ceddc1efec3f51b8f2f4c91b0ec6b61c\">\n#top .av-special-heading.av-7csch-ceddc1efec3f51b8f2f4c91b0ec6b61c{\nmargin:40px 0 170px 0;\npadding-bottom:0;\nfont-size:80px;\n}\nbody .av-special-heading.av-7csch-ceddc1efec3f51b8f2f4c91b0ec6b61c .av-special-heading-tag .heading-char{\nfont-size:25px;\n}\n#top #wrap_all .av-special-heading.av-7csch-ceddc1efec3f51b8f2f4c91b0ec6b61c .av-special-heading-tag{\nfont-size:80px;\n}\n.av-special-heading.av-7csch-ceddc1efec3f51b8f2f4c91b0ec6b61c .av-subheading{\nfont-size:15px;\n}\n\n@media only screen and (min-width: 480px) and (max-width: 767px){ \n#top #wrap_all .av-special-heading.av-7csch-ceddc1efec3f51b8f2f4c91b0ec6b61c .av-special-heading-tag{\nfont-size:0.8em;\n}\n}\n\n@media only screen and (max-width: 479px){ \n#top #wrap_all .av-special-heading.av-7csch-ceddc1efec3f51b8f2f4c91b0ec6b61c .av-special-heading-tag{\nfont-size:0.8em;\n}\n}\n<\/style>\n<div  class='av-special-heading av-7csch-ceddc1efec3f51b8f2f4c91b0ec6b61c av-special-heading-h3 blockquote modern-quote  avia-builder-el-1  el_before_av_textblock  avia-builder-el-first  av-inherit-size'><h3 class='av-special-heading-tag'  itemprop=\"headline\"  >Datenschutz<\/h3><div class=\"special-heading-border\"><div class=\"special-heading-inner-border\"><\/div><\/div><\/div>\n<section  class='av_textblock_section av-b6v0x-93655a794f8749ff99ab43474ed1bd8a '   itemscope=\"itemscope\" itemtype=\"https:\/\/schema.org\/CreativeWork\" ><div class='avia_textblock'  itemprop=\"text\" ><div>\n<div>\n<p>Im Rahmen der Nutzung dieser Webseite werden personenbezogene Daten von Ihnen durch uns, als den f\u00fcr die Datenverarbeitung Verantwortlichen verarbeitet und f\u00fcr die Dauer gespeichert, die zur Erf\u00fcllung der festgelegten Zwecke und gesetzlicher Verpflichtungen erforderlich ist. Im Folgenden informieren wir Sie dar\u00fcber, um welche Daten es sich dabei handelt, auf welche Weise sie verarbeitet werden und welche Rechte Ihnen diesbez\u00fcglich zustehen.<\/p>\n<p>Personenbezogene Daten sind gem\u00e4\u00df Art. 4 Nr. 1 Datenschutzgrundverordnung (DSGVO) alle Informationen, die sich auf eine identifizierte oder identifizierbare nat\u00fcrliche Person beziehen.<\/p>\n<\/div>\n<div>\n<p>1 Geltungsbereich<\/p>\n<p>2 Name und Kontaktdaten des f\u00fcr die Verarbeitung Verantwortlichen sowie des betrieblichen Datenschutzbeauftragte<\/p>\n<p>3 Verarbeitung personenbezogener Daten und Zwecke der Verarbeitung<\/p>\n<p>4 Weitergabe von Daten<\/p>\n<p>5 Betroffenenrechte<\/p>\n<p>7 Datensicherheit<\/p>\n<p>8 Aktualit\u00e4t und \u00c4nderung dieser Datenschutzinformation<\/p>\n<\/div>\n<div>\n<p><a name=\"_TOC774925412\"><\/a><strong>1 <\/strong><strong>Geltungsbereich<\/strong><\/p>\n<div>\n<p>Diese Datenschutzinformation gilt f\u00fcr die Datenverarbeitung auf der Webpr\u00e4senz https:\/\/bryo-engineering.com des Fraunhofer-Institut f\u00fcr Umwelt-, Sicherheits- und Energietechnik, die auf diese Datenschutzinformation Bezug nehmen.<\/p>\n<\/div>\n<\/div>\n<div>\n<p><strong><a name=\"_TOC1900176897\"><\/a>2 Name und Kontaktdaten des f\u00fcr die Verarbeitung Verantwortlichen sowie des betrieblichen Datenschutzbeauftragten<\/strong><\/p>\n<div>\n<p>Fraunhofer-Gesellschaft<br \/>\nzur F\u00f6rderung der angewandten Forschung e.V.<\/p>\n<p>Hansastra\u00dfe 27 c<br \/>\n80686 M\u00fcnchen<\/p>\n<p>f\u00fcr ihr<br \/>\nFraunhofer-Institut f\u00fcr Umwelt-, Sicherheits- und Energietechnik UMSICHT<\/p>\n<div>\n<p>Osterfelder Str. 3<br \/>\n46047 Oberhausen<br \/>\nDeutschland<\/p>\n<\/div>\n<p>(im Folgenden\u00a0Fraunhofer-UMSICHT)<\/p>\n<div class=\"grid-table\">\n<div>E-Mail:<\/div>\n<div><a href=\"mailto:info@zv.fraunhofer.de\">info@zv.fraunhofer.de<\/a><\/div>\n<div>Telefon:<\/div>\n<div>+49 89 1205- 0<\/div>\n<\/div>\n<p>Der Datenschutzbeauftragte von Fraunhofer ist unter der o.g. Anschrift, zu Hd. Datenschutzbeauftragter bzw. unter <a href=\"mailto:datenschutz@zv.fraunhofer.de\">datenschutz@zv.fraunhofer.de<\/a> erreichbar. Sie k\u00f6nnen sich jederzeit bei Fragen zum Datenschutzrecht oder Ihren Betroffenenrechten direkt an unseren Datenschutzbeauftragten wenden.<\/p>\n<p>Alternativ steht Ihnen unser Ansprechpartner Melanie Eiting unter\u00a0<a href=\"mailto:melanie.eiting@umsicht.fraunhofer.de\">melanie.eiting@umsicht.fraunhofer.de<\/a>\u00a0zur Verf\u00fcgung.<\/p>\n<\/div>\n<\/div>\n<div>\n<p><a name=\"_TOC1092536211\"><\/a><strong>3 Verarbeitung personenbezogener Daten und Zwecke der Verarbeitung<\/strong><\/p>\n<\/div>\n<div>\n<p><strong>Beim Besuch der Webseite<\/strong><\/p>\n<div>\n<p>Wenn Sie unsere Webseite aufrufen und auf deren Inhalte zugreifen, werden vor\u00fcbergehend Daten gespeichert, die m\u00f6glicherweise eine Identifizierung zulassen. Der auf Ihrem Endger\u00e4t eingesetzte Browser sendet dabei automatisch die Informationen an den Server unserer Webseite. Die folgenden Daten werden hierbei erhoben:<\/p>\n<ul>\n<li>Datum und Uhrzeit des Zugriffs<\/li>\n<li>IP-Adresse<\/li>\n<li>Hostname des zugreifenden Servers<\/li>\n<li>Webseite, von welcher aus unserer Webseite aufgerufen wurde<\/li>\n<li>Besuchte Seite auf unserer Webseite<\/li>\n<li>Meldung, ob der Aufruf erfolgreich war<\/li>\n<li>\u00dcbertragene Datenmenge<\/li>\n<li>Informationen \u00fcber den Browsertyp und die verwendete Version<\/li>\n<li>Betriebssystem<\/li>\n<\/ul>\n<p>Die vor\u00fcbergehende Speicherung der Daten ist f\u00fcr den Verbindungsaufbau und den Ablauf eines Webseitenbesuchs erforderlich, damit wir Ihnen die Inhalte auf unserer Webseite bereitstellen k\u00f6nnen.<\/p>\n<p>Eine weitere Speicherung in Protokolldateien erfolgt, um die Funktionsf\u00e4higkeit der Webseite, die Sicherheit der informationstechnischen Systeme sicherzustellen und der st\u00f6rungsfreien Bereitstellung unserer Webseite sowie und etwaige rechtswidrige Angriffe hierauf notfalls verfolgen zu k\u00f6nnen.<\/p>\n<p>Wenn technische Daten aus Ihrem Endger\u00e4te verarbeitet werden, um den Zugriff auf unsere Webseite erm\u00f6glichen, erfolgt dies, weil diese Daten gem. \u00a7 25 Abs. 1 Nr. 2 TDDDG erforderlich sind.<\/p>\n<p>Die Verarbeitung der IP-Adresse erfolgt zu technischen und administrativen Zwecken, des Verbindungsaufbaus und \u2013stabilit\u00e4t, um die Sicherheit und Funktionsf\u00e4higkeit unserer Webseite zu gew\u00e4hrleisten und etwaige rechtswidrige Angriffe hierauf notfalls verfolgen zu k\u00f6nnen. Die Rechtsgrundlage ist unser berechtigtes Interessen nach Art. 6 Abs. 1 lit. f DSGVO.<\/p>\n<p>Aus der Verarbeitung der genannten Daten in dem Logfile k\u00f6nnen wir keine unmittelbaren R\u00fcckschl\u00fcsse auf Ihre Identit\u00e4t ziehen. Diese wird tempor\u00e4r in einem sogenannten Logfile gespeichert und nach 30 Tagen gel\u00f6scht.<\/p>\n<p>Dar\u00fcber hinaus setzen wir beim Besuch unserer Website ggf. Cookies sowie Analysedienste ein. Falls dies der Fall ist, erhalten Sie dazu n\u00e4here Erl\u00e4uterungen in dieser Datenschutzinformation weiter unten.<\/p>\n<\/div>\n<\/div>\n<div>\n<p><strong>Bei Nutzung von Kontaktformularen<\/strong><\/p>\n<div>\n<p>Wir bieten Ihnen die M\u00f6glichkeit, mit uns \u00fcber ein auf der Webseite bereitgestelltes Formular Kontakt aufzunehmen. Dabei sind die folgenden Angaben als Pflichtangaben erforderlich:<\/p>\n<ul>\n<li>Anrede,<\/li>\n<li>Vor- und Nachname und<\/li>\n<li>E-Mail-Adresse.<\/li>\n<\/ul>\n<p>Ihre Daten ben\u00f6tigen wir, um festzustellen von wem die Anfrage stammt und um diese beantworten und bearbeiten zu k\u00f6nnen.<\/p>\n<p>Die Datenverarbeitung erfolgt auf Ihre Anfrage hin und ist im Rahmen der Beantwortung einer Kontaktanfrage auf unsere berechtigten Interessen gem. Art. 6 Abs. 1 S. 1 lit. f DSGVO gest\u00fctzt.<\/p>\n<p>Die f\u00fcr die Benutzung des Kontaktformulars von uns erhobenen personenbezogenen Daten werden nach Erledigung der von Ihnen gestellten Anfrage gel\u00f6scht.<\/p>\n<\/div>\n<\/div>\n<div>\n<p><a name=\"_TOC968369521\"><\/a><strong>4 Weitergabe von Daten<\/strong><\/p>\n<div>\n<p>Sofern wir personenbezogene Daten, die wir \u00fcber die Webseite erheben, an Auftragsverarbeiter weitergeben, informieren wir Sie dar\u00fcber in dieser Datenschutzinformation bei dem jeweiligen Datenverarbeitungsvorgang unter Nennung des konkreten Empf\u00e4ngers.<\/p>\n<p>Im \u00dcbrigen geben wir Ihre personenbezogenen Daten nur weiter, wenn<\/p>\n<ul>\n<li>Sie gem. Art. 6 Abs. 1 S. 1 lit. a DSGVO Ihre ausdr\u00fcckliche Einwilligung dazu erteilt haben;<\/li>\n<li>dies gem. Art. 6 Abs. 1 S. 1 lit. b DSGVO f\u00fcr die Erf\u00fcllung eines Vertrages mit Ihnen erforderlich ist (zum Beispiel bei Weitergabe an Versandunternehmen zum Zwecke der Lieferung der von Ihnen bestellten Ware oder bei Weitergabe von Zahlungsdaten an Zahlungsdienstleister bzw. Kreditinstitute, um einen Zahlungsvorgang durchzuf\u00fchren);<\/li>\n<li>f\u00fcr die Weitergabe nach Art. 6 Abs. 1 S. 1 lit. c DSGVO eine gesetzliche Verpflichtung besteht.<\/li>\n<\/ul>\n<p>Die weitergegebenen Daten d\u00fcrfen von den Empf\u00e4ngern ausschlie\u00dflich zu den genannten Zwecken verwendet werden.<\/p>\n<\/div>\n<\/div>\n<div>\n<p><a name=\"_TOC900358750\"><\/a><strong>5 Betroffenenrechte<\/strong><\/p>\n<div>\n<p>Sie haben das Recht:<\/p>\n<ul>\n<li>gem\u00e4\u00df Art. 7 Abs. 3 DSGVO Ihre einmal erteilte Einwilligung jederzeit gegen\u00fcber uns zu widerrufen. Dies hat zur Folge, dass wir die Datenverarbeitung, die auf dieser Einwilligung beruhte, f\u00fcr die Zukunft nicht mehr fortf\u00fchren d\u00fcrfen;<\/li>\n<li>gem\u00e4\u00df Art. 15 DSGVO Auskunft \u00fcber Ihre von uns verarbeiteten personenbezogenen Daten zu verlangen. Insbesondere k\u00f6nnen Sie Auskunft \u00fcber die Verarbeitungszwecke, die Kategorie der personenbezogenen Daten, die Kategorien von Empf\u00e4ngern, gegen\u00fcber denen Ihre Daten offengelegt wurden oder werden, die geplante Speicherdauer, das Bestehen eines Rechts auf Berichtigung, L\u00f6schung, Einschr\u00e4nkung der Verarbeitung oder Widerspruch, das Bestehen eines Beschwerderechts, die Herkunft ihrer Daten, sofern diese nicht bei uns erhoben wurden, sowie \u00fcber das Bestehen einer automatisierten Entscheidungsfindung einschlie\u00dflich Profiling und ggf. aussagekr\u00e4ftigen Informationen zu deren Einzelheiten verlangen;<\/li>\n<li>gem\u00e4\u00df Art. 16 DSGVO unverz\u00fcglich die Berichtigung unrichtiger oder Vervollst\u00e4ndigung Ihrer bei uns gespeicherten personenbezogenen Daten zu verlangen;<\/li>\n<li>gem\u00e4\u00df Art. 17 DSGVO die L\u00f6schung Ihrer bei uns gespeicherten personenbezogenen Daten zu verlangen, soweit nicht die Verarbeitung zur Aus\u00fcbung des Rechts auf freie Meinungs\u00e4u\u00dferung und Information, zur Erf\u00fcllung einer rechtlichen Verpflichtung, aus Gr\u00fcnden des \u00f6ffentlichen Interesses oder zur Geltendmachung, Aus\u00fcbung oder Verteidigung von Rechtsanspr\u00fcchen erforderlich ist;<\/li>\n<li>gem\u00e4\u00df Art. 18 DSGVO die Einschr\u00e4nkung der Verarbeitung Ihrer personenbezogenen Daten zu verlangen, soweit die Richtigkeit der Daten von Ihnen bestritten wird, die Verarbeitung unrechtm\u00e4\u00dfig ist, Sie aber deren L\u00f6schung ablehnen und wir die Daten nicht mehr ben\u00f6tigen, Sie jedoch diese zur Geltendmachung, Aus\u00fcbung oder Verteidigung von Rechtsanspr\u00fcchen ben\u00f6tigen oder Sie gem\u00e4\u00df Art. 21 DSGVO Widerspruch gegen die Verarbeitung eingelegt haben;<\/li>\n<li>gem\u00e4\u00df Art. 20 DSGVO Ihre personenbezogenen Daten, die Sie uns bereitgestellt haben, in einem strukturierten, g\u00e4ngigen und maschinenlesebaren Format zu erhalten oder die \u00dcbermittlung an einen anderen Verantwortlichen zu verlangen und<\/li>\n<li>gem\u00e4\u00df Art. 77 DSGVO sich bei einer Aufsichtsbeh\u00f6rde zu beschweren. In der Regel k\u00f6nnen Sie sich hierf\u00fcr an die Aufsichtsbeh\u00f6rde ihres \u00fcblichen Aufenthaltsortes oder Arbeitsplatzes oder unseres Vereinssitzes wenden.<\/li>\n<\/ul>\n<p><strong>Information \u00fcber Ihr Widerspruchsrecht nach Art. 21 DSGVO<\/strong><\/p>\n<p>Sie haben das Recht, aus Gr\u00fcnden, die sich aus Ihrer besonderen Situation ergeben, jederzeit gegen die Verarbeitung Sie betreffender personenbezogener Daten, die aufgrund von Artikel 6 Abs. 1 S. 1 lit. e DSGVO (Datenverarbeitung im \u00f6ffentlichen Interesse) und Artikel 6 Abs. 1 S. 1 lit. f DSGVO (Datenverarbeitung auf der Grundlage einer Interessenabw\u00e4gung) erfolgt, Widerspruch einzulegen; dies gilt auch f\u00fcr ein auf diese Bestimmung gest\u00fctztes Profiling von Artikel 4 Nr. 4 DSGVO.<\/p>\n<p>Legen Sie Widerspruch ein, werden wir Ihre personenbezogenen Daten nicht mehr verarbeiten, es sei denn, wir k\u00f6nnen zwingende schutzw\u00fcrdige Gr\u00fcnde f\u00fcr die Verarbeitung nachweisen, die Ihre Interessen, Rechte und Freiheiten \u00fcberwiegen, oder die Verarbeitung dient der Geltendmachung, Aus\u00fcbung oder Verteidigung von Rechtsanspr\u00fcchen.<\/p>\n<p>Sofern sich Ihr Widerspruch gegen eine Verarbeitung von Daten zum Zwecke der Direktwerbung richtet, so werden wir die Verarbeitung umgehend einstellen. In diesem Fall ist die Angabe einer besonderen Situation nicht erforderlich. Dies gilt auch f\u00fcr das Profiling, soweit es mit solcher Direktwerbung in Verbindung steht.<\/p>\n<p>M\u00f6chten Sie von Ihrem Widerspruchsrecht Gebrauch machen, gen\u00fcgt eine E-Mail an <a href=\"mailto:datenschutz@zv.fraunhofer.de\">datenschutzkoordination@zv.fraunhofer.de<\/a>.<\/p>\n<\/div>\n<\/div>\n<div>\n<p><a name=\"_TOC1463585975\"><\/a><strong>6 Datensicherheit<\/strong><\/p>\n<div>\n<p>Alle von Ihnen pers\u00f6nlich \u00fcbermittelten Daten werden mit dem allgemein \u00fcblichen und sicheren Standard TLS (Transport Layer Security) verschl\u00fcsselt \u00fcbertragen. TLS ist ein sicherer und erprobter Standard, der z.B. auch beim Onlinebanking Verwendung findet. Sie erkennen eine sichere TLS-Verbindung unter anderem an dem angeh\u00e4ngten s am http (also https:\/\/..) in der Adressleiste Ihres Browsers oder am Schloss-Symbol im unteren Bereich Ihres Browsers.<\/p>\n<p>Wir bedienen uns im \u00dcbrigen geeigneter technischer und organisatorischer Sicherheitsma\u00dfnahmen, um Ihre Daten gegen zuf\u00e4llige oder vors\u00e4tzliche Manipulationen, teilweisen oder vollst\u00e4ndigen Verlust, Zerst\u00f6rung oder gegen den unbefugten Zugriff Dritter zu sch\u00fctzen. Unsere Sicherheitsma\u00dfnahmen werden entsprechend der technologischen Entwicklung fortlaufend verbessert.<\/p>\n<\/div>\n<\/div>\n<div>\n<p><a name=\"_TOC938656150\"><\/a><strong>7 Aktualit\u00e4t und \u00c4nderung dieser Datenschutzinformation<\/strong><\/p>\n<div>\n<p>Durch die Weiterentwicklung unserer Webseite und Angebote dar\u00fcber oder aufgrund ge\u00e4nderter gesetzlicher bzw. beh\u00f6rdlicher Vorgaben kann es notwendig werden, diese Datenschutzinformation zu \u00e4ndern. Die jeweils aktuelle Datenschutzinformation kann jederzeit auf unserer Webseite von Ihnen abgerufen und ausgedruckt werden.<\/p>\n<\/div>\n<\/div>\n<\/div>\n<div>\n<div><\/div>\n<\/div>\n<\/div><\/section>\n\n","protected":false},"excerpt":{"rendered":"","protected":false},"author":2,"featured_media":0,"parent":0,"menu_order":0,"comment_status":"closed","ping_status":"closed","template":"","meta":{"footnotes":""},"class_list":["post-921","page","type-page","status-publish","hentry"],"_links":{"self":[{"href":"https:\/\/bryo-engineering.com\/index.php\/wp-json\/wp\/v2\/pages\/921"}],"collection":[{"href":"https:\/\/bryo-engineering.com\/index.php\/wp-json\/wp\/v2\/pages"}],"about":[{"href":"https:\/\/bryo-engineering.com\/index.php\/wp-json\/wp\/v2\/types\/page"}],"author":[{"embeddable":true,"href":"https:\/\/bryo-engineering.com\/index.php\/wp-json\/wp\/v2\/users\/2"}],"replies":[{"embeddable":true,"href":"https:\/\/bryo-engineering.com\/index.php\/wp-json\/wp\/v2\/comments?post=921"}],"version-history":[{"count":18,"href":"https:\/\/bryo-engineering.com\/index.php\/wp-json\/wp\/v2\/pages\/921\/revisions"}],"predecessor-version":[{"id":2143,"href":"https:\/\/bryo-engineering.com\/index.php\/wp-json\/wp\/v2\/pages\/921\/revisions\/2143"}],"wp:attachment":[{"href":"https:\/\/bryo-engineering.com\/index.php\/wp-json\/wp\/v2\/media?parent=921"}],"curies":[{"name":"wp","href":"https:\/\/api.w.org\/{rel}","templated":true}]}}